{"id":761,"date":"2022-08-14T21:45:46","date_gmt":"2022-08-14T19:45:46","guid":{"rendered":"https:\/\/www.zsmiletin.cz\/?page_id=761"},"modified":"2024-10-01T14:33:12","modified_gmt":"2024-10-01T12:33:12","slug":"skolni-vzdelavaci-plan","status":"publish","type":"page","link":"https:\/\/www.zsmiletin.cz\/?page_id=761","title":{"rendered":"\u0160koln\u00ed vzd\u011bl\u00e1vac\u00ed program"},"content":{"rendered":"<p><a href=\"https:\/\/www.zsmiletin.cz\/wp-content\/uploads\/2023\/11\/SVP-MILETIN-2023-2024.pdf\">\u0160VP MILET\u00cdN 2023-2024<\/a><\/p>\n<p><a href=\"https:\/\/www.zsmiletin.cz\/wp-content\/uploads\/2024\/10\/dodatek-2023-2024.pdf\">Dodatek 2023 &#8211; 2024<\/a><\/p>\n<p><a href=\"https:\/\/www.zsmiletin.cz\/wp-content\/uploads\/2024\/10\/dodatek-2024-2025.pdf\">Dodatek 2024-2025<\/a><\/p>\n","protected":false},"excerpt":{"rendered":"<p>\u0160VP MILET\u00cdN 2023-2024 Dodatek 2023 &#8211; 2024 Dodatek 2024-2025<\/p>\n","protected":false},"author":1,"featured_media":0,"parent":0,"menu_order":0,"comment_status":"closed","ping_status":"closed","template":"","meta":{"ngg_post_thumbnail":0,"footnotes":""},"class_list":["post-761","page","type-page","status-publish","hentry","latest_post"],"_links":{"self":[{"href":"https:\/\/www.zsmiletin.cz\/index.php?rest_route=\/wp\/v2\/pages\/761","targetHints":{"allow":["GET"]}}],"collection":[{"href":"https:\/\/www.zsmiletin.cz\/index.php?rest_route=\/wp\/v2\/pages"}],"about":[{"href":"https:\/\/www.zsmiletin.cz\/index.php?rest_route=\/wp\/v2\/types\/page"}],"author":[{"embeddable":true,"href":"https:\/\/www.zsmiletin.cz\/index.php?rest_route=\/wp\/v2\/users\/1"}],"replies":[{"embeddable":true,"href":"https:\/\/www.zsmiletin.cz\/index.php?rest_route=%2Fwp%2Fv2%2Fcomments&post=761"}],"version-history":[{"count":0,"href":"https:\/\/www.zsmiletin.cz\/index.php?rest_route=\/wp\/v2\/pages\/761\/revisions"}],"wp:attachment":[{"href":"https:\/\/www.zsmiletin.cz\/index.php?rest_route=%2Fwp%2Fv2%2Fmedia&parent=761"}],"curies":[{"name":"wp","href":"https:\/\/api.w.org\/{rel}","templated":true}]}}