{"id":700,"date":"2022-08-14T01:06:48","date_gmt":"2022-08-13T23:06:48","guid":{"rendered":"https:\/\/www.zsmiletin.cz\/?page_id=700"},"modified":"2022-08-21T14:55:57","modified_gmt":"2022-08-21T12:55:57","slug":"skolni-jidelna","status":"publish","type":"page","link":"https:\/\/www.zsmiletin.cz\/?page_id=700","title":{"rendered":"\u0160koln\u00ed j\u00eddelna"},"content":{"rendered":"<p>Alergeny:<br \/>\n1. Obiloviny obsahuj\u00edc\u00ed lepek (1a \u2013 p\u0161enice 1b \u2013 \u017eito 1c \u2013 je\u010dmen 1d \u2013 oves 1e \u2013 \u0161palda 1f \u2013 kamu)<br \/>\n2. Kor\u00fd\u0161i a v\u00fdrobky nich<br \/>\n3. Vejce a v\u00fdrobky z nich<br \/>\n4. Ryby a v\u00fdrobky z nich<br \/>\n5. J\u00e1dra podzemnice olejn\u00e9 (ara\u0161\u00eddy) a v\u00fdrobky z nich<br \/>\n6. S\u00f3jov\u00e9 boby a v\u00fdrobky z nich<br \/>\n7. Ml\u00e9ko a v\u00fdrobky z n\u011bj (v\u010detn\u011b lakt\u00f3zy)<br \/>\n8. Sko\u0159\u00e1pkov\u00e9 plody<br \/>\n(8a \u2013 mandle 8b \u2013 l\u00edskov\u00e9 o\u0159echy 8c \u2013 vla\u0161sk\u00e9 o\u0159echy 8d \u2013 ke\u0161u o\u0159echy 8e \u2013 pekanov\u00e9 o\u0159echy 8f \u2013 parao\u0159echy 8g \u2013 pist\u00e1cie 8h \u2013 makadamie)<br \/>\n9. Celer a v\u00fdrobky z n\u011bj<br \/>\n10. Ho\u0159\u010dice a v\u00fdrobky z n\u00ed<br \/>\n11. Sezamov\u00e1 semena a v\u00fdrobky z nich<br \/>\n12. Oxid si\u0159i\u010dit\u00fd a si\u0159i\u010ditany v koncentrac\u00edch vy\u0161\u0161\u00edch ne\u017e 10 mg\/kg nebo 10 mg\/l, vyj\u00e1d\u0159eno jako celkov\u00fd SO2<br \/>\n13. Vl\u010d\u00ed bob (lupina) a v\u00fdrobky z n\u011bj<br \/>\n14. M\u011bkk\u00fd\u0161i a v\u00fdrobky z nich<\/p>\n","protected":false},"excerpt":{"rendered":"<p>Alergeny: 1. Obiloviny obsahuj\u00edc\u00ed lepek (1a \u2013 p\u0161enice 1b \u2013 \u017eito 1c \u2013 je\u010dmen 1d \u2013 oves 1e \u2013 \u0161palda &hellip; <\/p>\n","protected":false},"author":1,"featured_media":0,"parent":0,"menu_order":0,"comment_status":"closed","ping_status":"closed","template":"","meta":{"ngg_post_thumbnail":0,"footnotes":""},"class_list":["post-700","page","type-page","status-publish","hentry","latest_post"],"_links":{"self":[{"href":"https:\/\/www.zsmiletin.cz\/index.php?rest_route=\/wp\/v2\/pages\/700","targetHints":{"allow":["GET"]}}],"collection":[{"href":"https:\/\/www.zsmiletin.cz\/index.php?rest_route=\/wp\/v2\/pages"}],"about":[{"href":"https:\/\/www.zsmiletin.cz\/index.php?rest_route=\/wp\/v2\/types\/page"}],"author":[{"embeddable":true,"href":"https:\/\/www.zsmiletin.cz\/index.php?rest_route=\/wp\/v2\/users\/1"}],"replies":[{"embeddable":true,"href":"https:\/\/www.zsmiletin.cz\/index.php?rest_route=%2Fwp%2Fv2%2Fcomments&post=700"}],"version-history":[{"count":0,"href":"https:\/\/www.zsmiletin.cz\/index.php?rest_route=\/wp\/v2\/pages\/700\/revisions"}],"wp:attachment":[{"href":"https:\/\/www.zsmiletin.cz\/index.php?rest_route=%2Fwp%2Fv2%2Fmedia&parent=700"}],"curies":[{"name":"wp","href":"https:\/\/api.w.org\/{rel}","templated":true}]}}