{"id":3209,"date":"2023-03-10T11:10:00","date_gmt":"2023-03-10T10:10:00","guid":{"rendered":"https:\/\/www.zsmiletin.cz\/?page_id=3209"},"modified":"2023-03-10T11:10:00","modified_gmt":"2023-03-10T10:10:00","slug":"organizacni-rad-skoly","status":"publish","type":"page","link":"https:\/\/www.zsmiletin.cz\/?page_id=3209","title":{"rendered":"Organiza\u010dn\u00ed \u0159\u00e1d \u0161koly"},"content":{"rendered":"<h1><a href=\"https:\/\/www.zsmiletin.cz\/wp-content\/uploads\/2023\/03\/Organizacni-rad-skoly-1.9.2022.pdf\">Organiza\u010dn\u00ed \u0159\u00e1d \u0161koly 1.9.2022<\/a><\/h1>\n","protected":false},"excerpt":{"rendered":"<p>Organiza\u010dn\u00ed \u0159\u00e1d \u0161koly 1.9.2022<\/p>\n","protected":false},"author":1,"featured_media":0,"parent":0,"menu_order":0,"comment_status":"closed","ping_status":"closed","template":"","meta":{"ngg_post_thumbnail":0,"footnotes":""},"class_list":["post-3209","page","type-page","status-publish","hentry","latest_post"],"_links":{"self":[{"href":"https:\/\/www.zsmiletin.cz\/index.php?rest_route=\/wp\/v2\/pages\/3209","targetHints":{"allow":["GET"]}}],"collection":[{"href":"https:\/\/www.zsmiletin.cz\/index.php?rest_route=\/wp\/v2\/pages"}],"about":[{"href":"https:\/\/www.zsmiletin.cz\/index.php?rest_route=\/wp\/v2\/types\/page"}],"author":[{"embeddable":true,"href":"https:\/\/www.zsmiletin.cz\/index.php?rest_route=\/wp\/v2\/users\/1"}],"replies":[{"embeddable":true,"href":"https:\/\/www.zsmiletin.cz\/index.php?rest_route=%2Fwp%2Fv2%2Fcomments&post=3209"}],"version-history":[{"count":0,"href":"https:\/\/www.zsmiletin.cz\/index.php?rest_route=\/wp\/v2\/pages\/3209\/revisions"}],"wp:attachment":[{"href":"https:\/\/www.zsmiletin.cz\/index.php?rest_route=%2Fwp%2Fv2%2Fmedia&parent=3209"}],"curies":[{"name":"wp","href":"https:\/\/api.w.org\/{rel}","templated":true}]}}