{"id":140,"date":"2016-12-28T05:42:26","date_gmt":"2016-12-28T05:42:26","guid":{"rendered":"http:\/\/raratheme.com\/preview\/education-zone-pro\/?page_id=140"},"modified":"2023-08-31T10:33:20","modified_gmt":"2023-08-31T08:33:20","slug":"team","status":"publish","type":"page","link":"https:\/\/www.zsmiletin.cz\/?page_id=140","title":{"rendered":"Zam\u011bstnanci"},"content":{"rendered":"<h3><strong><a href=\"https:\/\/www.zsmiletin.cz\/wp-content\/uploads\/2023\/08\/Zamestnanci-ZS-a-MS-od-zari-2023.pdf\">Zam\u011bstnanci Z\u0160 a M\u0160 od z\u00e1\u0159\u00ed 2023<\/a><\/strong><\/h3>\n<p>N\u00ed\u017ee uveden\u00ed zam\u011bstnanci maj\u00ed adresu ve tvaru <strong>prijmeni@zsmiletin.cz<\/strong> &nbsp;nebo <strong>prijmenijmeno@zsmiletin.cz&nbsp;<\/strong><\/p>\n","protected":false},"excerpt":{"rendered":"<p>Zam\u011bstnanci Z\u0160 a M\u0160 od z\u00e1\u0159\u00ed 2023 N\u00ed\u017ee uveden\u00ed zam\u011bstnanci maj\u00ed adresu ve tvaru prijmeni@zsmiletin.cz &nbsp;nebo prijmenijmeno@zsmiletin.cz&nbsp;<\/p>\n","protected":false},"author":1,"featured_media":0,"parent":0,"menu_order":0,"comment_status":"closed","ping_status":"closed","template":"templates\/template-team.php","meta":{"ngg_post_thumbnail":0,"footnotes":""},"class_list":["post-140","page","type-page","status-publish","hentry","latest_post"],"_links":{"self":[{"href":"https:\/\/www.zsmiletin.cz\/index.php?rest_route=\/wp\/v2\/pages\/140","targetHints":{"allow":["GET"]}}],"collection":[{"href":"https:\/\/www.zsmiletin.cz\/index.php?rest_route=\/wp\/v2\/pages"}],"about":[{"href":"https:\/\/www.zsmiletin.cz\/index.php?rest_route=\/wp\/v2\/types\/page"}],"author":[{"embeddable":true,"href":"https:\/\/www.zsmiletin.cz\/index.php?rest_route=\/wp\/v2\/users\/1"}],"replies":[{"embeddable":true,"href":"https:\/\/www.zsmiletin.cz\/index.php?rest_route=%2Fwp%2Fv2%2Fcomments&post=140"}],"version-history":[{"count":0,"href":"https:\/\/www.zsmiletin.cz\/index.php?rest_route=\/wp\/v2\/pages\/140\/revisions"}],"wp:attachment":[{"href":"https:\/\/www.zsmiletin.cz\/index.php?rest_route=%2Fwp%2Fv2%2Fmedia&parent=140"}],"curies":[{"name":"wp","href":"https:\/\/api.w.org\/{rel}","templated":true}]}}